{"id":769,"date":"2025-08-24T11:36:04","date_gmt":"2025-08-24T11:36:04","guid":{"rendered":"https:\/\/nectusbio.com\/?page_id=769"},"modified":"2025-09-06T18:45:58","modified_gmt":"2025-09-06T18:45:58","slug":"nos-certifications","status":"publish","type":"page","link":"https:\/\/nectusbio.com\/en\/nos-certifications\/","title":{"rendered":"Nos certifications"},"content":{"rendered":"<div data-elementor-type=\"wp-page\" data-elementor-id=\"769\" class=\"elementor elementor-769\" data-elementor-post-type=\"page\">\n\t\t\t\t\t\t<section class=\"elementor-section elementor-top-section elementor-element elementor-element-15852235 rey-flexWrap elementor-section-boxed elementor-section-height-default elementor-section-height-default\" data-id=\"15852235\" data-element_type=\"section\" data-e-type=\"section\">\n\t\t\t\t\t\t<div class=\"elementor-container elementor-column-gap-default\">\n\t\t\t\t\t<div class=\"elementor-column elementor-col-100 elementor-top-column elementor-element elementor-element-669a4706\" data-id=\"669a4706\" data-element_type=\"column\" data-e-type=\"column\">\n\t\t\t<div class=\"elementor-column-wrap--669a4706 elementor-widget-wrap elementor-element-populated\">\n\t\t\t\t\t\t<div class=\"elementor-element elementor-element-774a7e21 elementor-widget elementor-widget-heading\" data-id=\"774a7e21\" data-element_type=\"widget\" data-e-type=\"widget\" data-widget_type=\"heading.default\">\n\t\t\t\t\t<h3 class=\"elementor-heading-title elementor-size-default\">Proof, not promises.<\/h3>\t\t\t\t<\/div>\n\t\t\t\t<div class=\"elementor-element elementor-element-6da52527 elementor-widget__width-auto elementor-widget-divider--view-line elementor-widget elementor-widget-divider\" data-id=\"6da52527\" data-element_type=\"widget\" data-e-type=\"widget\" data-widget_type=\"divider.default\">\n\t\t\t\t\t\t\t<div class=\"elementor-divider\">\n\t\t\t<span class=\"elementor-divider-separator\">\n\t\t\t\t\t\t<\/span>\n\t\t<\/div>\n\t\t\t\t\t\t<\/div>\n\t\t\t\t<div class=\"elementor-element elementor-element-9e1f782 elementor-widget__width-initial elementor-widget elementor-widget-text-editor\" data-id=\"9e1f782\" data-element_type=\"widget\" data-e-type=\"widget\" data-widget_type=\"text-editor.default\">\n\t\t\t\t\t\t\t\t\t<p>Each batch is traceable, inspected, and compliant with local and export market requirements. Our certificates are current, verifiable, and available upon request.<\/p>\t\t\t\t\t\t\t\t<\/div>\n\t\t\t\t<div class=\"elementor-element elementor-element-61997945 elementor-widget__width-auto elementor-absolute elementor-hidden-tablet elementor-hidden-mobile elementor-widget elementor-widget-reycore-stamp\" data-id=\"61997945\" data-element_type=\"widget\" data-e-type=\"widget\" data-settings=\"{&quot;_position&quot;:&quot;absolute&quot;}\" data-widget_type=\"reycore-stamp.default\">\n\t\t\t\t<div class=\"elementor-widget-container\">\n\t\t\t\t\t\t\t<div class=\"rey-stamp rey-stamp--default --animate\">\n\t\t\n\t\t<a class=\"rey-stampLink\" href=\"#\">\t\t<svg class=\"rey-stampText-svg\" xmlns=\"http:\/\/www.w3.org\/2000\/svg\" xmlns:xlink=\"http:\/\/www.w3.org\/1999\/xlink\" viewbox=\"70 70 350 350\">\n\t\t\t<title>EXCELLENCE EN CONTINU . DEPUIS 2019 .<\/title>\n\t\t\t<defs>\n\t\t\t\t<path d=\"M243.2, 382.4c-74.8,\t\t\t\t0-135.5-60.7-135.5-135.5s60.7-135.5,135.5-135.5s135.5, 60.7, 135.5,\t\t\t\t135.5 S318, 382.4, 243.2, 382.4z\" id=\"textcircle-61997945\" \/>\n\t\t\t<\/defs>\n\t\t\t<text dy=\"0\" class=\"rey-stampText-svgText\">\n\t\t\t\t<textpath xlink:href=\"#textcircle-61997945\">\n\t\t\t\t\tEXCELLENCE EN CONTINU . DEPUIS 2019 .\t\t\t\t<\/textpath>\n\t\t\t<\/text>\n\t\t<\/svg>\n\t\t\n\t\t<div class=\"rey-stampContent\">\n\t\t\t<img fetchpriority=\"high\" decoding=\"async\" width=\"396\" height=\"395\" src=\"https:\/\/nectusbio.com\/wp-content\/uploads\/2025\/08\/nectus-emblem.svg\" class=\"attachment-full size-full\" alt=\"\">\t\t<\/div>\n\t\t<\/a><\/div>\t\t\t\t<\/div>\n\t\t\t\t<\/div>\n\t\t\t\t\t<\/div>\n\t\t<\/div>\n\t\t\t\t\t<\/div>\n\t\t<\/section>\n\t\t\t\t<section class=\"elementor-section elementor-top-section elementor-element elementor-element-1541f66a elementor-section-content-middle rey-flexWrap elementor-section-boxed elementor-section-height-default elementor-section-height-default\" data-id=\"1541f66a\" data-element_type=\"section\" data-e-type=\"section\">\n\t\t\t\t\t\t<div class=\"elementor-container elementor-column-gap-default\">\n\t\t\t\t\t<div class=\"elementor-column elementor-col-50 elementor-top-column elementor-element elementor-element-1b41214e\" data-id=\"1b41214e\" data-element_type=\"column\" data-e-type=\"column\">\n\t\t\t<div class=\"elementor-column-wrap--1b41214e elementor-widget-wrap elementor-element-populated\">\n\t\t\t\t\t\t<div class=\"elementor-element elementor-element-711f0038 gallery-cols--5 gallery-cols--tablet-3 gallery-cols--mobile-3 gallery-spacing-custom elementor-widget elementor-widget-image-gallery\" data-id=\"711f0038\" data-element_type=\"widget\" data-e-type=\"widget\" data-widget_type=\"image-gallery.default\">\n\t\t\t\t\t\t\t<div class=\"elementor-image-gallery\">\n\t\t\t<div id='gallery-1' class='gallery galleryid-769 gallery-columns-5 gallery-size-medium'><figure class='gallery-item'>\n\t\t\t<div class='gallery-icon landscape'>\n\t\t\t\t<img decoding=\"async\" width=\"300\" height=\"163\" src=\"https:\/\/nectusbio.com\/wp-content\/uploads\/2025\/08\/logo_onssa-3-300x163.jpg\" class=\"attachment-medium size-medium\" alt=\"\" srcset=\"https:\/\/nectusbio.com\/wp-content\/uploads\/2025\/08\/logo_onssa-3-300x163.jpg 300w, https:\/\/nectusbio.com\/wp-content\/uploads\/2025\/08\/logo_onssa-3-360x196.jpg 360w, https:\/\/nectusbio.com\/wp-content\/uploads\/2025\/08\/logo_onssa-3-600x326.jpg 600w, https:\/\/nectusbio.com\/wp-content\/uploads\/2025\/08\/logo_onssa-3-18x10.jpg 18w, https:\/\/nectusbio.com\/wp-content\/uploads\/2025\/08\/logo_onssa-3.jpg 703w\" sizes=\"(max-width: 300px) 100vw, 300px\">\n\t\t\t<\/div><\/figure><figure class='gallery-item'>\n\t\t\t<div class='gallery-icon landscape'>\n\t\t\t\t<img decoding=\"async\" width=\"300\" height=\"194\" src=\"https:\/\/nectusbio.com\/wp-content\/uploads\/2025\/08\/db2d031b-a562-4589-aa59-ee535396c03b-300x194.png\" class=\"attachment-medium size-medium\" alt=\"\" srcset=\"https:\/\/nectusbio.com\/wp-content\/uploads\/2025\/08\/db2d031b-a562-4589-aa59-ee535396c03b-300x194.png 300w, https:\/\/nectusbio.com\/wp-content\/uploads\/2025\/08\/db2d031b-a562-4589-aa59-ee535396c03b-18x12.png 18w, https:\/\/nectusbio.com\/wp-content\/uploads\/2025\/08\/db2d031b-a562-4589-aa59-ee535396c03b.png 310w\" sizes=\"(max-width: 300px) 100vw, 300px\">\n\t\t\t<\/div><\/figure><figure class='gallery-item'>\n\t\t\t<div class='gallery-icon landscape'>\n\t\t\t\t<img loading=\"lazy\" decoding=\"async\" width=\"300\" height=\"76\" src=\"https:\/\/nectusbio.com\/wp-content\/uploads\/2025\/08\/logo-300x76.png\" class=\"attachment-medium size-medium\" alt=\"\" srcset=\"https:\/\/nectusbio.com\/wp-content\/uploads\/2025\/08\/logo-300x76.png 300w, https:\/\/nectusbio.com\/wp-content\/uploads\/2025\/08\/logo-18x5.png 18w, https:\/\/nectusbio.com\/wp-content\/uploads\/2025\/08\/logo.png 321w\" sizes=\"(max-width: 300px) 100vw, 300px\">\n\t\t\t<\/div><\/figure><figure class='gallery-item'>\n\t\t\t<div class='gallery-icon landscape'>\n\t\t\t\t<img loading=\"lazy\" decoding=\"async\" width=\"300\" height=\"220\" src=\"https:\/\/nectusbio.com\/wp-content\/uploads\/2025\/08\/b02886cc-cb25-4dcb-ae3d-b45f37fc55f9-300x220.png\" class=\"attachment-medium size-medium\" alt=\"\" srcset=\"https:\/\/nectusbio.com\/wp-content\/uploads\/2025\/08\/b02886cc-cb25-4dcb-ae3d-b45f37fc55f9-300x220.png 300w, https:\/\/nectusbio.com\/wp-content\/uploads\/2025\/08\/b02886cc-cb25-4dcb-ae3d-b45f37fc55f9-360x264.png 360w, https:\/\/nectusbio.com\/wp-content\/uploads\/2025\/08\/b02886cc-cb25-4dcb-ae3d-b45f37fc55f9-16x12.png 16w, https:\/\/nectusbio.com\/wp-content\/uploads\/2025\/08\/b02886cc-cb25-4dcb-ae3d-b45f37fc55f9.png 468w\" sizes=\"(max-width: 300px) 100vw, 300px\">\n\t\t\t<\/div><\/figure><figure class='gallery-item'>\n\t\t\t<div class='gallery-icon landscape'>\n\t\t\t\t<img loading=\"lazy\" decoding=\"async\" width=\"300\" height=\"208\" src=\"https:\/\/nectusbio.com\/wp-content\/uploads\/2025\/08\/Logo_Ecocert_Colour-300x208.webp\" class=\"attachment-medium size-medium\" alt=\"\" srcset=\"https:\/\/nectusbio.com\/wp-content\/uploads\/2025\/08\/Logo_Ecocert_Colour-300x208.webp 300w, https:\/\/nectusbio.com\/wp-content\/uploads\/2025\/08\/Logo_Ecocert_Colour-360x249.webp 360w, https:\/\/nectusbio.com\/wp-content\/uploads\/2025\/08\/Logo_Ecocert_Colour-600x415.webp 600w, https:\/\/nectusbio.com\/wp-content\/uploads\/2025\/08\/Logo_Ecocert_Colour-1024x709.webp 1024w, https:\/\/nectusbio.com\/wp-content\/uploads\/2025\/08\/Logo_Ecocert_Colour-768x531.webp 768w, https:\/\/nectusbio.com\/wp-content\/uploads\/2025\/08\/Logo_Ecocert_Colour-1536x1063.webp 1536w, https:\/\/nectusbio.com\/wp-content\/uploads\/2025\/08\/Logo_Ecocert_Colour-18x12.webp 18w, https:\/\/nectusbio.com\/wp-content\/uploads\/2025\/08\/Logo_Ecocert_Colour.webp 1734w\" sizes=\"(max-width: 300px) 100vw, 300px\">\n\t\t\t<\/div><\/figure>\n\t\t<\/div>\n\t\t<\/div>\n\t\t\t\t\t\t<\/div>\n\t\t\t\t\t<\/div>\n\t\t<\/div>\n\t\t\t\t<div class=\"elementor-column elementor-col-50 elementor-top-column elementor-element elementor-element-44d30ea\" data-id=\"44d30ea\" data-element_type=\"column\" data-e-type=\"column\">\n\t\t\t<div class=\"elementor-column-wrap--44d30ea elementor-widget-wrap elementor-element-populated\">\n\t\t\t\t\t\t<div class=\"elementor-element elementor-element-23bf6786 elementor-button-primary elementor-align-right elementor-mobile-align-center elementor-widget elementor-widget-button\" data-id=\"23bf6786\" data-element_type=\"widget\" data-e-type=\"widget\" data-widget_type=\"button.default\">\n\t\t\t\t\t\t\t\t\t\t<a class=\"elementor-button elementor-button-link elementor-size-sm\" href=\"https:\/\/nectusbio.com\/en\/contact\/\">\n\t\t\t\t\t\t<span class=\"elementor-button-content-wrapper\">\n\t\t\t\t\t\t\t\t\t<span class=\"elementor-button-text\">Contact us<\/span>\n\t\t\t\t\t<\/span>\n\t\t\t\t\t<\/a>\n\t\t\t\t\t\t\t\t<\/div>\n\t\t\t\t\t<\/div>\n\t\t<\/div>\n\t\t\t\t\t<\/div>\n\t\t<\/section>\n\t\t\t\t<\/div>","protected":false},"excerpt":{"rendered":"<p>Des preuves, pas des promesses. Chaque lot est trac\u00e9, contr\u00f4l\u00e9 et conforme aux exigences des march\u00e9s local et export. Nos certificats sont actifs, v\u00e9rifiables et disponibles sur demande. EXCELLENCE EN CONTINU . DEPUIS 2019 . EXCELLENCE EN CONTINU . DEPUIS 2019 . Nous contacter<\/p>","protected":false},"author":1,"featured_media":0,"parent":0,"menu_order":0,"comment_status":"closed","ping_status":"closed","template":"template-builder.php","meta":{"_acf_changed":false,"footnotes":""},"class_list":["post-769","page","type-page","status-publish","hentry"],"acf":[],"_links":{"self":[{"href":"https:\/\/nectusbio.com\/en\/wp-json\/wp\/v2\/pages\/769","targetHints":{"allow":["GET"]}}],"collection":[{"href":"https:\/\/nectusbio.com\/en\/wp-json\/wp\/v2\/pages"}],"about":[{"href":"https:\/\/nectusbio.com\/en\/wp-json\/wp\/v2\/types\/page"}],"author":[{"embeddable":true,"href":"https:\/\/nectusbio.com\/en\/wp-json\/wp\/v2\/users\/1"}],"replies":[{"embeddable":true,"href":"https:\/\/nectusbio.com\/en\/wp-json\/wp\/v2\/comments?post=769"}],"version-history":[{"count":0,"href":"https:\/\/nectusbio.com\/en\/wp-json\/wp\/v2\/pages\/769\/revisions"}],"wp:attachment":[{"href":"https:\/\/nectusbio.com\/en\/wp-json\/wp\/v2\/media?parent=769"}],"curies":[{"name":"wp","href":"https:\/\/api.w.org\/{rel}","templated":true}]}}