{"id":196,"date":"2025-08-14T14:43:08","date_gmt":"2025-08-14T14:43:08","guid":{"rendered":"https:\/\/nectusbio.com\/?post_type=product&#038;p=196"},"modified":"2025-09-27T11:02:46","modified_gmt":"2025-09-27T11:02:46","slug":"huile-de-pepins-de-figue-de-barbarie","status":"publish","type":"product","link":"https:\/\/nectusbio.com\/en\/product\/huile-de-pepins-de-figue-de-barbarie\/","title":{"rendered":"Prickly Pear Seed Oil"},"content":{"rendered":"<p class=\"translation-block\">Rare treasure, 100% pure, organic and <strong data-start=\"455\" data-end=\"474\">cold-pressed<\/strong>. Lightweight, non-greasy texture, fast absorption. Suitable for all skin types (mature, dry\/dehydrated, sensitive) and for the <strong data-start=\"603\" data-end=\"623\">eye contour<\/strong>. A powerful anti-aging ally (rich in vitamin E\/sterols), antioxidant, regenerating\/firming, moisturizing\/soothing; also helps reduce dark spots.<\/p>","protected":false},"excerpt":{"rendered":"<p>Huile de figue de Barbarie <strong data-start=\"939\" data-end=\"959\">100 % pure &amp; bio<\/strong>, anti-\u00e2ge et \u00e9clat. Texture ultra-l\u00e9g\u00e8re, id\u00e9ale visage &amp; yeux.<\/p>","protected":false},"featured_media":1251,"template":"","meta":{"_acf_changed":false},"product_brand":[],"product_cat":[51],"product_tag":[161,40,42,163,165,102,159,67,162,160,121,140,166,37,164,39,167],"class_list":{"0":"post-196","1":"product","2":"type-product","3":"status-publish","4":"has-post-thumbnail","6":"product_cat-soins-du-visage","7":"product_tag-100-pure","8":"product_tag-acides-gras-essentiels","9":"product_tag-anti-age","10":"product_tag-anti-taches","11":"product_tag-contour-des-yeux","12":"product_tag-ecocert","13":"product_tag-huile-de-pepins-de-figue-de-barbarie-bio","14":"product_tag-made-in-morocco","15":"product_tag-opuntia-ficus-indica","16":"product_tag-organic-prickly-pear-seed-oil","17":"product_tag-peau-seche","18":"product_tag-peaux-matures","19":"product_tag-premium","20":"product_tag-pressee-a-froid","21":"product_tag-rides","22":"product_tag-vitamine-e","23":"product_tag-167","25":"first","26":"instock","27":"sale","28":"taxable","29":"shipping-taxable","30":"purchasable","31":"product-type-simple","swatches":"rey-swatches","show_selected":""},"acf":[],"_links":{"self":[{"href":"https:\/\/nectusbio.com\/en\/wp-json\/wp\/v2\/product\/196","targetHints":{"allow":["GET"]}}],"collection":[{"href":"https:\/\/nectusbio.com\/en\/wp-json\/wp\/v2\/product"}],"about":[{"href":"https:\/\/nectusbio.com\/en\/wp-json\/wp\/v2\/types\/product"}],"wp:featuredmedia":[{"embeddable":true,"href":"https:\/\/nectusbio.com\/en\/wp-json\/wp\/v2\/media\/1251"}],"wp:attachment":[{"href":"https:\/\/nectusbio.com\/en\/wp-json\/wp\/v2\/media?parent=196"}],"wp:term":[{"taxonomy":"product_brand","embeddable":true,"href":"https:\/\/nectusbio.com\/en\/wp-json\/wp\/v2\/product_brand?post=196"},{"taxonomy":"product_cat","embeddable":true,"href":"https:\/\/nectusbio.com\/en\/wp-json\/wp\/v2\/product_cat?post=196"},{"taxonomy":"product_tag","embeddable":true,"href":"https:\/\/nectusbio.com\/en\/wp-json\/wp\/v2\/product_tag?post=196"}],"curies":[{"name":"wp","href":"https:\/\/api.w.org\/{rel}","templated":true}]}}